{"id":32,"date":"2019-07-26T12:26:12","date_gmt":"2019-07-26T10:26:12","guid":{"rendered":"http:\/\/imagescolr.fr\/?page_id=32"},"modified":"2025-12-17T14:13:02","modified_gmt":"2025-12-17T13:13:02","slug":"produits","status":"publish","type":"page","link":"https:\/\/imagescolr.fr\/index.php\/produits\/","title":{"rendered":"Vos avantages"},"content":{"rendered":"\n<p class=\"has-text-align-left has-vivid-red-color has-text-color has-medium-font-size\"><strong>Une vente en ligne sans surprise<\/strong><\/p>\n\n\n\n<ul class=\"wp-block-list has-vivid-red-color has-text-color\">\n<li class=\"has-cyan-bluish-gray-color has-text-color has-link-color has-medium-font-size wp-elements-47acd5afb5899c847c31adee8c075e1d\">Une plateforme de vente en ligne sp\u00e9cialis\u00e9e dans le scolaire, respectueuse des derni\u00e8res normes de s\u00e9curit\u00e9 en vigueur.<\/li>\n<\/ul>\n\n\n\n<ul class=\"wp-block-list has-vivid-red-color has-text-color\">\n<li class=\"has-cyan-bluish-gray-color has-text-color has-link-color has-medium-font-size wp-elements-5798eacb40cf32086823a28f96302386\">Un compte de s\u00e9questre certifi\u00e9 Banque de France pour s\u00e9curiser les transactions entre les parents et l&rsquo;\u00e9cole.<\/li>\n<\/ul>\n\n\n\n<ul class=\"wp-block-list has-vivid-red-color has-text-color\">\n<li class=\"has-cyan-bluish-gray-color has-text-color has-link-color has-medium-font-size wp-elements-d3a1b9cd8c579d9c44692d1323e25cfb\">Un acc\u00e8s privatif pour l&rsquo;\u00e9cole pour suivre les commandes en temps r\u00e9el.<\/li>\n<\/ul>\n\n\n\n<ul class=\"wp-block-list has-vivid-red-color has-text-color\"><\/ul>\n\n\n\n<p class=\"has-text-align-center\"><\/p>\n\n\n\n<p class=\"has-text-align-left has-vivid-red-color has-text-color has-medium-font-size\"><strong>Une prestation et un suivi sur mesure<\/strong><\/p>\n\n\n\n<ul class=\"wp-block-list has-vivid-red-color has-text-color\">\n<li class=\"has-cyan-bluish-gray-color has-text-color has-link-color has-medium-font-size wp-elements-3ee7a002d891017e42ac19188cbfbb63\">Un labo \u00e0 taille humaine pour plus de r\u00e9activit\u00e9<\/li>\n<\/ul>\n\n\n\n<ul class=\"wp-block-list has-vivid-red-color has-text-color\">\n<li class=\"has-cyan-bluish-gray-color has-text-color has-link-color has-medium-font-size wp-elements-8e86722082e9e0fbd8223406543c69d0\">Une livraison des commandes directement \u00e0 l&rsquo;\u00e9cole, tri\u00e9es par classe ET par \u00e9l\u00e8ves, pour une redistribution simple et efficace.<\/li>\n<\/ul>\n\n\n\n<ul class=\"wp-block-list has-vivid-red-color has-text-color\">\n<li class=\"has-cyan-bluish-gray-color has-text-color has-link-color has-medium-font-size wp-elements-b810d36f27984248aea4a0166035f65a\">Des photos de groupes et d&rsquo;\u00e9quipes offertes pour chaque membre de l&rsquo;\u00e9quipe p\u00e9dagogique de votre \u00e9tablissement.<\/li>\n<\/ul>\n\n\n\n<ul class=\"wp-block-list has-vivid-red-color has-text-color\">\n<li class=\"has-cyan-bluish-gray-color has-text-color has-link-color has-medium-font-size wp-elements-cac95602b2ccd3d4542d1ba50865e81a\">Une int\u00e9gration simple et optimis\u00e9e des portraits de vos \u00e9l\u00e8ves dans votre ENT.<\/li>\n<\/ul>\n\n\n\n<p><\/p>\n\n\n\n<p><\/p>\n\n\n\n<p class=\"has-text-align-right has-vivid-red-color has-text-color has-medium-font-size\"><strong>&#8230; D\u00e9couvrez tous nos avantages et solutions sans tarder&#8230;<\/strong><\/p>\n\n\n\n<ul class=\"wp-block-list has-vivid-red-color has-text-color\"><\/ul>\n\n\n\n<p><\/p>\n","protected":false},"excerpt":{"rendered":"<p>Une vente en ligne sans surprise Une prestation et un suivi sur mesure &#8230; D\u00e9couvrez tous [&hellip;]<\/p>\n","protected":false},"author":1,"featured_media":0,"parent":0,"menu_order":0,"comment_status":"closed","ping_status":"closed","template":"","meta":{"footnotes":""},"class_list":["post-32","page","type-page","status-publish","hentry"],"_links":{"self":[{"href":"https:\/\/imagescolr.fr\/index.php\/wp-json\/wp\/v2\/pages\/32","targetHints":{"allow":["GET"]}}],"collection":[{"href":"https:\/\/imagescolr.fr\/index.php\/wp-json\/wp\/v2\/pages"}],"about":[{"href":"https:\/\/imagescolr.fr\/index.php\/wp-json\/wp\/v2\/types\/page"}],"author":[{"embeddable":true,"href":"https:\/\/imagescolr.fr\/index.php\/wp-json\/wp\/v2\/users\/1"}],"replies":[{"embeddable":true,"href":"https:\/\/imagescolr.fr\/index.php\/wp-json\/wp\/v2\/comments?post=32"}],"version-history":[{"count":48,"href":"https:\/\/imagescolr.fr\/index.php\/wp-json\/wp\/v2\/pages\/32\/revisions"}],"predecessor-version":[{"id":401,"href":"https:\/\/imagescolr.fr\/index.php\/wp-json\/wp\/v2\/pages\/32\/revisions\/401"}],"wp:attachment":[{"href":"https:\/\/imagescolr.fr\/index.php\/wp-json\/wp\/v2\/media?parent=32"}],"curies":[{"name":"wp","href":"https:\/\/api.w.org\/{rel}","templated":true}]}}