{"id":25,"date":"2019-07-26T12:12:58","date_gmt":"2019-07-26T10:12:58","guid":{"rendered":"http:\/\/imagescolr.fr\/?page_id=25"},"modified":"2025-12-17T14:08:31","modified_gmt":"2025-12-17T13:08:31","slug":"prestations","status":"publish","type":"page","link":"https:\/\/imagescolr.fr\/index.php\/prestations\/","title":{"rendered":"Notre approche"},"content":{"rendered":"\n<p class=\"has-text-align-center has-vivid-red-color has-text-color has-medium-font-size\"><em><strong>Parce que chaque rentr\u00e9e est une \u00e9tape, je transforme la s\u00e9ance photo en un moment ludique. <\/strong><\/em><\/p>\n\n\n\n<ul class=\"wp-block-list\"><\/ul>\n\n\n\n<p class=\"has-cyan-bluish-gray-color has-text-color has-medium-font-size\" style=\"font-style:normal;font-weight:500\"><strong>Mat\u00e9riel pro :<\/strong> <\/p>\n\n\n\n<ul class=\"wp-block-list\">\n<li class=\"has-medium-font-size\">Un studio mobile adapt\u00e9 \u00e0 vos locaux.<\/li>\n\n\n\n<li class=\"has-medium-font-size\">Des fonds studio pour faciliter la prise de vue<\/li>\n<\/ul>\n\n\n\n<p class=\"has-black-color has-text-color has-medium-font-size\"><\/p>\n\n\n\n<p class=\"has-cyan-bluish-gray-color has-text-color has-medium-font-size\"><strong>Vente en ligne s\u00e9curis\u00e9e :<\/strong> <\/p>\n\n\n\n<ul class=\"wp-block-list\">\n<li class=\"has-medium-font-size\">Une plateforme intuitive pour les parents, moins de gestion pour les enseignants.<\/li>\n\n\n\n<li class=\"has-medium-font-size\">Un versement imm\u00e9diat de votre b\u00e9n\u00e9fice d\u00e8s la fin des commandes.<\/li>\n<\/ul>\n\n\n\n<p class=\"has-cyan-bluish-gray-color has-text-color has-medium-font-size\"><strong>Respect des d\u00e9lais :<\/strong> <\/p>\n\n\n\n<ul class=\"wp-block-list\">\n<li class=\"has-medium-font-size\">Des photos pr\u00eates rapidement pour les f\u00eates de fin d&rsquo;ann\u00e9e ou la fin de l&rsquo;\u00e9cole.<\/li>\n\n\n\n<li class=\"has-medium-font-size\">Des photos d\u00e9j\u00e0 tri\u00e9es par classe et par \u00e9l\u00e8ve pour faciliter la redistribution.<\/li>\n<\/ul>\n\n\n\n<p class=\"has-text-align-center has-vivid-red-color has-text-color has-medium-font-size\"><em><strong>Mon objectif ? Que les parents soient fiers d&rsquo;afficher ces portraits sur leur buffet, et que les enfants s&rsquo;y reconnaissent vraiment.<\/strong><\/em><\/p>\n\n\n\n<p class=\"has-text-align-center has-vivid-red-color has-text-color has-medium-font-size\"><strong>Toujours avec le sourire et dans la bonne humeur&#8230;<\/strong><\/p>\n\n\n\n<p><\/p>\n","protected":false},"excerpt":{"rendered":"<p>Parce que chaque rentr\u00e9e est une \u00e9tape, je transforme la s\u00e9ance photo en un moment ludique. [&hellip;]<\/p>\n","protected":false},"author":1,"featured_media":0,"parent":0,"menu_order":0,"comment_status":"closed","ping_status":"closed","template":"","meta":{"footnotes":""},"class_list":["post-25","page","type-page","status-publish","hentry"],"_links":{"self":[{"href":"https:\/\/imagescolr.fr\/index.php\/wp-json\/wp\/v2\/pages\/25","targetHints":{"allow":["GET"]}}],"collection":[{"href":"https:\/\/imagescolr.fr\/index.php\/wp-json\/wp\/v2\/pages"}],"about":[{"href":"https:\/\/imagescolr.fr\/index.php\/wp-json\/wp\/v2\/types\/page"}],"author":[{"embeddable":true,"href":"https:\/\/imagescolr.fr\/index.php\/wp-json\/wp\/v2\/users\/1"}],"replies":[{"embeddable":true,"href":"https:\/\/imagescolr.fr\/index.php\/wp-json\/wp\/v2\/comments?post=25"}],"version-history":[{"count":59,"href":"https:\/\/imagescolr.fr\/index.php\/wp-json\/wp\/v2\/pages\/25\/revisions"}],"predecessor-version":[{"id":395,"href":"https:\/\/imagescolr.fr\/index.php\/wp-json\/wp\/v2\/pages\/25\/revisions\/395"}],"wp:attachment":[{"href":"https:\/\/imagescolr.fr\/index.php\/wp-json\/wp\/v2\/media?parent=25"}],"curies":[{"name":"wp","href":"https:\/\/api.w.org\/{rel}","templated":true}]}}