{"id":2,"date":"2019-07-20T21:27:28","date_gmt":"2019-07-20T19:27:28","guid":{"rendered":"http:\/\/imagescolr.fr\/?page_id=2"},"modified":"2025-12-17T14:15:57","modified_gmt":"2025-12-17T13:15:57","slug":"page-d-exemple","status":"publish","type":"page","link":"https:\/\/imagescolr.fr\/","title":{"rendered":"Nos valeurs"},"content":{"rendered":"\n<p class=\"has-text-align-center has-vivid-red-color has-text-color\" style=\"font-size:26px\"><em><strong>Photographe scolaire de proximit\u00e9<\/strong><\/em><\/p>\n\n\n\n<p class=\"has-text-align-center has-vivid-red-color has-text-color\" style=\"font-size:26px\"><em><strong> j&rsquo;accompagne les \u00e9coles pour capturer l&rsquo;\u00e9tincelle et le naturel de chaque \u00e9l\u00e8ve.<\/strong><\/em><\/p>\n\n\n\n<p class=\"has-text-align-center has-cyan-bluish-gray-color has-text-color\" style=\"font-size:20px\">Notre labo, bas\u00e9 entre Lyon et St Etienne, est \u00e0 votre \u00e9coute pour r\u00e9pondre rapidement \u00e0 toutes vos demandes. <\/p>\n\n\n\n<p class=\"has-text-align-center has-cyan-bluish-gray-color has-text-color\" style=\"font-size:20px\">Nous avons fait le choix de g\u00e9rer l&rsquo;ensemble du process, de la prise de vue jusqu&rsquo;\u00e0 la livraison, pour plus de r\u00e9activit\u00e9.<\/p>\n\n\n\n<p class=\"has-text-align-center has-vivid-red-color has-text-color\" style=\"font-size:26px\"><strong><em>Les 3 piliers de notre service<\/em><\/strong><\/p>\n\n\n\n<p class=\"has-cyan-bluish-gray-color has-text-color has-medium-font-size\"><strong>Le Naturel avant tout :<\/strong> Finis les sourires crisp\u00e9s. Je prends le temps de mettre les enfants \u00e0 l&rsquo;aise.<\/p>\n\n\n\n<p class=\"has-cyan-bluish-gray-color has-text-color has-medium-font-size\"><strong>Z\u00e9ro stress pour l&rsquo;\u00e9cole :<\/strong> Une organisation fluide, de la prise de vue \u00e0 la livraison.<\/p>\n\n\n\n<p class=\"has-cyan-bluish-gray-color has-text-color has-medium-font-size\"><strong>Local &amp; R\u00e9actif :<\/strong> Un interlocuteur unique, passionn\u00e9 par son territoire et ses \u00e9tablissements.<\/p>\n\n\n\n<p><\/p>\n\n\n\n<p><\/p>\n\n\n\n<p class=\"has-text-align-center has-vivid-red-color has-text-color has-link-color has-medium-font-size wp-elements-4177604fd4238f602adb03814e1e8543\"><strong>Plus que des photos de classe, des souvenirs d&rsquo;enfance grav\u00e9s pour la vie&#8230;<\/strong><\/p>\n","protected":false},"excerpt":{"rendered":"<p>Photographe scolaire de proximit\u00e9 j&rsquo;accompagne les \u00e9coles pour capturer l&rsquo;\u00e9tincelle et le naturel de chaque \u00e9l\u00e8ve. [&hellip;]<\/p>\n","protected":false},"author":1,"featured_media":259,"parent":0,"menu_order":0,"comment_status":"closed","ping_status":"open","template":"","meta":{"footnotes":""},"class_list":["post-2","page","type-page","status-publish","has-post-thumbnail","hentry"],"_links":{"self":[{"href":"https:\/\/imagescolr.fr\/index.php\/wp-json\/wp\/v2\/pages\/2","targetHints":{"allow":["GET"]}}],"collection":[{"href":"https:\/\/imagescolr.fr\/index.php\/wp-json\/wp\/v2\/pages"}],"about":[{"href":"https:\/\/imagescolr.fr\/index.php\/wp-json\/wp\/v2\/types\/page"}],"author":[{"embeddable":true,"href":"https:\/\/imagescolr.fr\/index.php\/wp-json\/wp\/v2\/users\/1"}],"replies":[{"embeddable":true,"href":"https:\/\/imagescolr.fr\/index.php\/wp-json\/wp\/v2\/comments?post=2"}],"version-history":[{"count":37,"href":"https:\/\/imagescolr.fr\/index.php\/wp-json\/wp\/v2\/pages\/2\/revisions"}],"predecessor-version":[{"id":406,"href":"https:\/\/imagescolr.fr\/index.php\/wp-json\/wp\/v2\/pages\/2\/revisions\/406"}],"wp:featuredmedia":[{"embeddable":true,"href":"https:\/\/imagescolr.fr\/index.php\/wp-json\/wp\/v2\/media\/259"}],"wp:attachment":[{"href":"https:\/\/imagescolr.fr\/index.php\/wp-json\/wp\/v2\/media?parent=2"}],"curies":[{"name":"wp","href":"https:\/\/api.w.org\/{rel}","templated":true}]}}